{"id":19,"date":"2013-10-28T20:10:59","date_gmt":"2013-10-28T19:10:59","guid":{"rendered":"http:\/\/www.spatium.ligo.pl\/www\/?page_id=19"},"modified":"2023-11-22T18:50:44","modified_gmt":"2023-11-22T17:50:44","slug":"oferta","status":"publish","type":"page","link":"http:\/\/www.spatium.co\/?page_id=19","title":{"rendered":"Oferta"},"content":{"rendered":"<div class=\"row\">\n<div class=\"col-md-12\">\n<p><strong>ETAPY WSP\u00d3\u0141PRACY<\/strong><\/p>\n<p><strong>1.Om\u00f3wienie potrzeb Klienta.<\/strong><br \/>\nWype\u0142nienie formularza dotycz\u0105cego preferencji wyko\u0144czenia wn\u0119trza. W tym miejscu wpisujesz swoje, inspiracje, przemy\u015blenia, wymagania co do pomieszcze\u0144, elementy kt\u00f3re chcia\u0142by\u015b mie\u0107 w swoim wn\u0119trzu.<\/p>\n\n<hr>\n<p style=\"text-align: left;\"><strong>2.Podsumowanie spotkania i om\u00f3wienie <\/strong><strong>bud\u017cetu.<\/strong><br \/>\nWst\u0119pnie omawiamy ile wynosi Tw\u00f3j bud\u017cet i co za to mo\u017cemy wykona\u0107. Zebrane informacje czyli wytyczne projektowe, zbieram w jeden plik i wysy\u0142am do weryfikacji.<\/p>\n\n<hr>\n<p><strong>3. Inwentaryzacja<\/strong><br \/>\n(je\u015bli jest mo\u017cliwa, je\u015bli nie to pracuje na dokumentacji i wymiarach dostarczonych przez Inwestora)<\/p>\n\n<hr>\n<p style=\"text-align: left;\"><strong>4. Wst\u0119pne koncepcje.<\/strong><br \/>\n1 lub 2 w zale\u017cno\u015bci od mo\u017cliwo\u015bci uk\u0142adu pomieszcze\u0144. Niekt\u00f3rzy oferuj\u0105 4 i wi\u0119cej ale w projekcie nie chodzi o to aby zrobi\u0107 jak najwi\u0119ksza ilo\u015b\u0107 koncepcji , tylko aby zrobi\u0107 jedna spe\u0142niaj\u0105ca Twoje wymagania i uwzgl\u0119dniaj\u0105c\u0105 mo\u017cliwo\u015bci wn\u0119trza. Om\u00f3wienie ich i ewentualne poprawki.<\/p>\n\n<hr>\n<p><strong>5. Wyb\u00f3r docelowej koncepcji.<\/strong><br \/>\nWst\u0119pny wyb\u00f3r materia\u0142\u00f3w i okre\u015blenie przybli\u017conego bud\u017cetu. Tu po raz kolejny omawiamy bud\u017cet aby<br \/>\nTw\u00f3j projekt by\u0142 mo\u017cliwy do zrealizowania.<\/p>\n\n<hr>\n<p><strong>6.Wizualizacje.<\/strong><br \/>\nPrzygotowuj\u0119 je na podstawie om\u00f3wionych wcze\u015bniej materia\u0142\u00f3w. Na tym etapie nie zmieniamy ju\u017c koncepcji.<\/p>\n\n<hr>\n<p><strong>7. Dokumentacja techniczna.<\/strong><br \/>\nStrategiczne pomieszczenia s\u0105 rozrysowywane. Pokazuj\u0119 wszystkie zabudowy na zam\u00f3wienie, wymiaruje je, opisuje. Dostajesz spis materia\u0142\u00f3w z ilo\u015bciami, nazwami i adresy sklep\u00f3w, wszystkie niezb\u0119dne informacje potrzebne do realizacji projektu.<\/p>\n<p style=\"text-align: left;\">\n\n<hr>\n<p style=\"text-align: left;\">\n<h2><b>\u00a0 \u00a0 \u00a0 \u00a0 \u00a0 \u00a0 \u00a0 \u00a0 \u00a0 \u00a0 \u00a0 \u00a0 \u00a0A TERAZ JAK WYGL\u0104DA SAM PROJEKT WN\u0118TRZA<\/b><\/h2>\n\n<hr>\n<h2><b>\u00a0<\/b><\/h2>\n\n<\/div>\n<\/div>\n<div class=\"row\">\n<div class=\"col-md-6\">\n<h3>Pierwszy etap- projekt koncepcyjny<\/h3>\n\n<div class=\"progress progress-striped active progress-mini\" data-value=\"40\"><div class=\"progress-bar progress-bar-success\" role=\"progressbar\" aria-valuenow=\"40\" aria-valuemin=\"0\" aria-valuemax=\"100\"><\/div><\/div>\n<p>Pierwszy etap wykonany w formacie 2D i 3D zawiera\u0142 b\u0119dzie jedn\u0105 lub dwie propozycje funkcjonalnego rozplanowania pomieszcze\u0144 z uwzgl\u0119dnieniem ewentualnych zmian w rozmieszczeniu \u015bcianek dzia\u0142owych. Koncepcje zawiera\u0107 b\u0119d\u0105 rozmieszczenie mebli w oparciu o proponowane zmiany, zagospodarowanie kuchni, okre\u015blenie funkcjonalnej formy \u0142azienek oraz przestrzeni gospodarczych.<\/p>\n\n\n<\/div>\n<div class=\"col-md-6\">\n<h3>Drugi etap &#8211; dob\u00f3r materia\u0142\u00f3w i wizualizacje<\/h3>\n\n<div class=\"progress progress-striped active progress-mini\" data-value=\"60\"><div class=\"progress-bar progress-bar-info\" role=\"progressbar\" aria-valuenow=\"60\" aria-valuemin=\"0\" aria-valuemax=\"100\"><\/div><\/div>\n<p>Drugi etap wykonany b\u0119dzie na podstawie wybranej i zaakceptowanej propozycji z etapu pierwszego i zawiera\u0142 b\u0119dzie: propozycje konkretnych mebli, o\u015bwietlenia, sprz\u0119tu AGD i RTV, p\u0142ytek ceramicznych do \u0142azienek, ok\u0142adzin pod\u0142ogowych i \u015bciennych, armatury i ceramiki \u0142azienkowej. Wszystkie proponowane elementy wyko\u0144czeniowe b\u0119d\u0105 zgodne z ustaleniami dokonanymi podczas ustale\u0144 po etapie pierwszym. Przedstawiony bedzie w formie wizualizacji.<\/p>\n\n<h3>Trzeci etap &#8211; projekt wykonawczy<\/h3>\n\n<div class=\"progress progress-striped active progress-mini\" data-value=\"100\"><div class=\"progress-bar progress-bar-danger\" role=\"progressbar\" aria-valuenow=\"100\" aria-valuemin=\"0\" aria-valuemax=\"100\"><\/div><\/div>\n<p>Po zaakceptowaniu wizualizacji 3D sporz\u0105dzone zostaj\u0105 specyfikacje poszczeg\u00f3lnych pomieszcze\u0144 w formie rzut\u00f3w pionowych i poziomych wraz z opisem i wymiarami. Zawieraj\u0105 one kompletne zestawienia materia\u0142\u00f3w wyko\u0144czeniowych takich jak ceramika i armatura \u0142azienkowa, ok\u0142adziny \u015bcienne i pod\u0142ogowe, oprawy o\u015bwietleniowe i osprz\u0119t elektryczny, urz\u0105dzenia RTV i AGD, dok\u0142adny opis element\u00f3w dekoracyjnych, rysunki techniczne zaprojektowanych mebli i innych indywidualnych element\u00f3w wyko\u0144czeniowych.<\/p>\n\n<\/div>\n<\/div>\n<div class=\"row\"><\/div>\n<div class=\"col-md-12\"><\/div>\n<hr>\n\n<h2><b>Us\u0142uga dodatkowa &#8211; Nadz\u00f3r autorski nad realizacj\u0105\u00a0 projektu<\/b><\/h2>\n<p>&#8211; jest to przekazanie dokumentacji projektowej ekipie wykonawczej wraz ze szczeg\u00f3\u0142owym om\u00f3wieniem projektu; przyjazdy na budow\u0119 w celu weryfikacji zgodno\u015bci projektu z realizowanym wn\u0119trzem; sta\u0142y kontakt telefoniczny z ekip\u0105 wykonawcz\u0105.<\/p>\n<h2><\/h2>\n<h2><\/h2>\n","protected":false},"excerpt":{"rendered":"<p>Us\u0142uga dodatkowa &#8211; Nadz\u00f3r autorski nad realizacj\u0105\u00a0 projektu &#8211; jest to przekazanie dokumentacji projektowej ekipie wykonawczej wraz ze szczeg\u00f3\u0142owym om\u00f3wieniem projektu; przyjazdy na budow\u0119 w celu weryfikacji zgodno\u015bci projektu z realizowanym wn\u0119trzem; sta\u0142y kontakt telefoniczny z ekip\u0105 wykonawcz\u0105.<\/p>\n","protected":false},"author":1,"featured_media":0,"parent":0,"menu_order":0,"comment_status":"open","ping_status":"open","template":"","meta":{"footnotes":""},"class_list":["post-19","page","type-page","status-publish","hentry"],"_links":{"self":[{"href":"http:\/\/www.spatium.co\/index.php?rest_route=\/wp\/v2\/pages\/19"}],"collection":[{"href":"http:\/\/www.spatium.co\/index.php?rest_route=\/wp\/v2\/pages"}],"about":[{"href":"http:\/\/www.spatium.co\/index.php?rest_route=\/wp\/v2\/types\/page"}],"author":[{"embeddable":true,"href":"http:\/\/www.spatium.co\/index.php?rest_route=\/wp\/v2\/users\/1"}],"replies":[{"embeddable":true,"href":"http:\/\/www.spatium.co\/index.php?rest_route=%2Fwp%2Fv2%2Fcomments&post=19"}],"version-history":[{"count":41,"href":"http:\/\/www.spatium.co\/index.php?rest_route=\/wp\/v2\/pages\/19\/revisions"}],"predecessor-version":[{"id":1749,"href":"http:\/\/www.spatium.co\/index.php?rest_route=\/wp\/v2\/pages\/19\/revisions\/1749"}],"wp:attachment":[{"href":"http:\/\/www.spatium.co\/index.php?rest_route=%2Fwp%2Fv2%2Fmedia&parent=19"}],"curies":[{"name":"wp","href":"https:\/\/api.w.org\/{rel}","templated":true}]}}